{"id":6962,"date":"2016-04-27T14:05:40","date_gmt":"2016-04-27T14:05:40","guid":{"rendered":"http:\/\/manuscriptevidence.org\/wpme\/?page_id=6962"},"modified":"2016-06-15T21:52:47","modified_gmt":"2016-06-15T21:52:47","slug":"veenstra-2016-congress","status":"publish","type":"page","link":"https:\/\/manuscriptevidence.org\/wpme\/abstracts\/veenstra-2016-congress\/","title":{"rendered":"Veenstra (2016 Congress)"},"content":{"rendered":"<h2><strong>Jan R. Veenstra<br \/>\n(<em>Independent Scholar<\/em>)<\/strong><\/h2>\n<h2><strong>&#8220;Magical Reconfigurations<br \/>\nin Gannell&#8217;s <em>Summa<\/em> in the Kassel Manuscript&#8221;<\/strong><\/h2>\n<p>Abstract of Paper<br \/>\nIntended for the 51st International Congress on Medieval Studies (Kalamazoo, 2016)<\/p>\n<h4>Session on<br \/>\n<strong>&#8220;Magic on the Page:\u00a0 Transmission and Representation of Magic&#8221;<\/strong><br \/>\nSponsored by the <strong>Research Group on Manuscript Evidence<br \/>\nand the Societas Magica<\/strong><br \/>\nOrganized by L\u00e1szl\u00f3 S\u00e1ndor Chardonnens<br \/>\n<a href=\"http:\/\/www.manuscriptevidence.org\/wpme\/2016-international-congress-on-medieval-studies-program\/\" target=\"_blank\">2016 Congress Program<\/a> and <a href=\"https:\/\/manuscriptevidence.org\/wpme\/2016-international-congress-on-medieval-studies-report\/\" target=\"_blank\">2016 Congress Report<\/a><\/h4>\n<p>[<em>Published on 27 April 2016, with an update after the Congress<\/em>]<\/p>\n<p>[<strong>Please note<\/strong>:\u00a0 <em>Dr. Veenstra was unexpectedly unable to travel to the Congress to present his paper.\u00a0\u00a0We post his Abstract as a description of the subject and scope of his contribution to the discourse.\u00a0 During the Session, the Organizer presented a brief report of Jan&#8217;s subject and approach.<\/em>]<\/p>\n<p>The <em>Summa sacre magice<\/em> by the Catalan\/Valencian scholar Berengario Ganell (c. 1346; Universit\u00e4tsbliothek-Landesbibliothek und Murhardsche Bibliothek der Stadt Kassel, Ms. 4<sup>o<\/sup> astron. 3) is a unique compendium comprising a variety of magical texts from the medieval period. The author has done more than simply copying and compiling the texts that he gathered; rather, he reconfigured his materials to create a new unified whole. Hence the book offers its readers more than simply an encyclopedia of ancient magic. Texts and segments were copied and strategically repositioned so that we find not only ancient versions of the <em>Rings of Solomon<\/em>, the <em>Almandal<\/em>, the <em>Liber iuratus<\/em>, or the <em>Book of Raziel,<\/em> but at the same time reconfigurations of these materials. This paper will offer a survey of this process of redistribution and reconfiguration to offer insight into the aims and purposes of the <em>Summa<\/em> and to assess the significance of the manuscript for the reconstruction of the transmission history of the magical texts and rituals it contains.<\/p>\n","protected":false},"excerpt":{"rendered":"<p>Jan R. Veenstra (Independent Scholar) &#8220;Magical Reconfigurations in Gannell&#8217;s Summa in the Kassel Manuscript&#8221; Abstract of Paper Intended for the 51st International Congress on Medieval Studies (Kalamazoo, 2016) Session on &#8220;Magic on the Page:\u00a0 Transmission and Representation of Magic&#8221; Sponsored by the Research Group on Manuscript Evidence and the Societas Magica Organized by L\u00e1szl\u00f3 S\u00e1ndor [&hellip;]<\/p>\n","protected":false},"author":2,"featured_media":0,"parent":1023,"menu_order":0,"comment_status":"closed","ping_status":"closed","template":"","meta":{"_monsterinsights_skip_tracking":false,"_monsterinsights_sitenote_active":false,"_monsterinsights_sitenote_note":"","_monsterinsights_sitenote_category":0},"_links":{"self":[{"href":"https:\/\/manuscriptevidence.org\/wpme\/wp-json\/wp\/v2\/pages\/6962"}],"collection":[{"href":"https:\/\/manuscriptevidence.org\/wpme\/wp-json\/wp\/v2\/pages"}],"about":[{"href":"https:\/\/manuscriptevidence.org\/wpme\/wp-json\/wp\/v2\/types\/page"}],"author":[{"embeddable":true,"href":"https:\/\/manuscriptevidence.org\/wpme\/wp-json\/wp\/v2\/users\/2"}],"replies":[{"embeddable":true,"href":"https:\/\/manuscriptevidence.org\/wpme\/wp-json\/wp\/v2\/comments?post=6962"}],"version-history":[{"count":5,"href":"https:\/\/manuscriptevidence.org\/wpme\/wp-json\/wp\/v2\/pages\/6962\/revisions"}],"predecessor-version":[{"id":7307,"href":"https:\/\/manuscriptevidence.org\/wpme\/wp-json\/wp\/v2\/pages\/6962\/revisions\/7307"}],"up":[{"embeddable":true,"href":"https:\/\/manuscriptevidence.org\/wpme\/wp-json\/wp\/v2\/pages\/1023"}],"wp:attachment":[{"href":"https:\/\/manuscriptevidence.org\/wpme\/wp-json\/wp\/v2\/media?parent=6962"}],"curies":[{"name":"wp","href":"https:\/\/api.w.org\/{rel}","templated":true}]}}