{"id":3996,"date":"2015-04-06T23:56:20","date_gmt":"2015-04-06T23:56:20","guid":{"rendered":"http:\/\/manuscriptevidence.org\/wpme\/?page_id=3996"},"modified":"2016-04-27T22:33:07","modified_gmt":"2016-04-27T22:33:07","slug":"chardonnens-2015-congress","status":"publish","type":"page","link":"https:\/\/manuscriptevidence.org\/wpme\/abstracts\/chardonnens-2015-congress\/","title":{"rendered":"Chardonnens (2015 Congress)"},"content":{"rendered":"<h3>L\u00e1szl\u00f3 S\u00e1ndor Chardonnens<br \/>\n(<em>Radboud University Nijmegen<\/em>)<br \/>\n<strong>\u201cSeeing is Believing: \u00a0Dream Symbols and their Perception in Medieval Alphabetical Dream Books&#8221;<\/strong><\/h3>\n<p>Abstract of Paper at the 50th International Congress on Medieval Studies (Kalamazoo, 2015)<\/p>\n<p>Session on <strong>Predicting the Past: \u00a0Dream Symbology in the Middle Ages<\/strong><br \/>\nCo-sponsored by the Research Group on Manuscript Evidence<br \/>\nOrganizer: \u00a0Valerio Cappozzo (<em>University of Mississippi<\/em>)<\/p>\n<p><a href=\"http:\/\/www.manuscriptevidence.org\/wpme\/2015-international-congress-on-medieval-studies-events-announced\/\">2015 Congress Events Announced<\/a> and <a href=\"https:\/\/manuscriptevidence.org\/wpme\/2015-international-congress-on-medieval-studies-events-accomplished\/\">2015 Congress Events Accomplished<\/a><\/p>\n<p>[<em>Published on 6 April 2015<\/em>]<\/p>\n<p>This paper discusses trends in the catalogue and sensory perception of dream symbols in medieval alphabetical dream books from the earliest ninth-century attestations to the incunables of the <em>Somniale Danielis<\/em> printed at the end of the fifteenth century. \u00a0Alphabetical dream books may be regarded as convenient guides to the interpretation of dreams, but the text witnesses surviving in over 250 medieval manuscripts and printed books present a severely fragmented catalogue of dream symbols. \u00a0There is no dream book among these many text witnesses that completely captures the cultures of medieval societies, and a compilation of all extant sources does not provide a coherent overview either.<\/p>\n<p>There are, in fact, unexplainable omissions that make one query the internal logic of dream books, making it impossible to reconstruct a medieval worldview that is even remotely consistent with daily reality. \u00a0While many dream books feature at least one dream about dogs, for instance, those that feature cats are in short supply.\u00a0 It would be a mistake to assume that people can only dream of symbols that appear in dream books, but it is striking that the absence of such everyday animals as cats is countered by the presence of such exotic animals as lions and elephants. \u00a0To give another example, well-known literary dreams that are thought to build upon the symbology of medieval dream books, as in Chaucer\u2019s <em>Canterbury Tales<\/em>, sometimes include interpretations of symbols that were never included in the inventory of dream symbols.<\/p>\n<p>The problem of a haphazard inventory of dream symbols is compounded by a bias towards dream symbols that can be seen.\u00a0 This seems to make sense in view of the primarily visual nature of dreams, yet what about the other four senses? \u00a0How is it possible to see a musical instrument playing without also hearing it, for instance? \u00a0This paper follows the trail of dream symbols and their perception in the alphabetical dream books transmitted in the medieval period.<\/p>\n<p>*****<\/p>\n<p><em>Website Editor&#8217;s Note<\/em>:<\/p>\n<p>The other Abstracts of Papers presented by Dr. Chardonnens for our sponsored and co-sponsored Sessions at the Congress are posted here:<br \/>\n<a href=http:\/\/www.manuscriptevidence.org\/wpme\/abstracts\/chardonnens-2016-congress\" target=\"_blank\">Chardonnens (2016 Congress)<\/strong><\/a><br \/>\n<a href=\"http:\/\/www.manuscriptevidence.org\/wpme\/abstracts\/chardonnens-2013-congress\/\" target=\"_blank\"><strong>Chardonnens (2013 Congress)<\/strong><\/a><br \/>\n<a href=\"http:\/\/www.manuscriptevidence.org\/wpme\/abstracts\/chardonnens-2012-congress\/\" target=\"_blank\"><strong>Chardonnens (2012 Congress)<\/strong><\/a>.<\/p>\n<p>We thank him for his expert and enthusiastic contributions to our sponsored or co-sponsored Sessions.<\/p>\n<p>*****<\/p>\n","protected":false},"excerpt":{"rendered":"<p>L\u00e1szl\u00f3 S\u00e1ndor Chardonnens (Radboud University Nijmegen) \u201cSeeing is Believing: \u00a0Dream Symbols and their Perception in Medieval Alphabetical Dream Books&#8221; Abstract of Paper at the 50th International Congress on Medieval Studies (Kalamazoo, 2015) Session on Predicting the Past: \u00a0Dream Symbology in the Middle Ages Co-sponsored by the Research Group on Manuscript Evidence Organizer: \u00a0Valerio Cappozzo (University [&hellip;]<\/p>\n","protected":false},"author":2,"featured_media":0,"parent":1023,"menu_order":0,"comment_status":"closed","ping_status":"open","template":"","meta":{"_monsterinsights_skip_tracking":false,"_monsterinsights_sitenote_active":false,"_monsterinsights_sitenote_note":"","_monsterinsights_sitenote_category":0},"_links":{"self":[{"href":"https:\/\/manuscriptevidence.org\/wpme\/wp-json\/wp\/v2\/pages\/3996"}],"collection":[{"href":"https:\/\/manuscriptevidence.org\/wpme\/wp-json\/wp\/v2\/pages"}],"about":[{"href":"https:\/\/manuscriptevidence.org\/wpme\/wp-json\/wp\/v2\/types\/page"}],"author":[{"embeddable":true,"href":"https:\/\/manuscriptevidence.org\/wpme\/wp-json\/wp\/v2\/users\/2"}],"replies":[{"embeddable":true,"href":"https:\/\/manuscriptevidence.org\/wpme\/wp-json\/wp\/v2\/comments?post=3996"}],"version-history":[{"count":9,"href":"https:\/\/manuscriptevidence.org\/wpme\/wp-json\/wp\/v2\/pages\/3996\/revisions"}],"predecessor-version":[{"id":6982,"href":"https:\/\/manuscriptevidence.org\/wpme\/wp-json\/wp\/v2\/pages\/3996\/revisions\/6982"}],"up":[{"embeddable":true,"href":"https:\/\/manuscriptevidence.org\/wpme\/wp-json\/wp\/v2\/pages\/1023"}],"wp:attachment":[{"href":"https:\/\/manuscriptevidence.org\/wpme\/wp-json\/wp\/v2\/media?parent=3996"}],"curies":[{"name":"wp","href":"https:\/\/api.w.org\/{rel}","templated":true}]}}