{"id":3233,"date":"2014-12-18T15:41:20","date_gmt":"2014-12-18T15:41:20","guid":{"rendered":"http:\/\/manuscriptevidence.org\/wpme\/?page_id=3233"},"modified":"2014-12-18T15:41:20","modified_gmt":"2014-12-18T15:41:20","slug":"cappozzo-2012-congress","status":"publish","type":"page","link":"https:\/\/manuscriptevidence.org\/wpme\/abstracts\/cappozzo-2012-congress\/","title":{"rendered":"Cappozzo (2012 Congress)"},"content":{"rendered":"<h3><strong>Valerio Cappozzo<\/strong><br \/>\n(<em>Department of Modern Languages, University of Mississippi<\/em>)<br \/>\n&#8220;Editing the <em>Somniale Danielis<\/em>: \u00a0Vox Populi and Dream Culture in Medieval Italy&#8221;<\/h3>\n<p>Abstract of Paper Presented at the 47th International Medieval Congress (Kalamazoo, 2012)<br \/>\nSession on <strong>&#8220;Dream Books&#8221;<\/strong><br \/>\nCo-sponsored by the <strong>Research Group on Manuscript Evidence<\/strong> and the <strong>Societas Magica<\/strong><br \/>\nOrganized by L\u00e1szl\u00f3 S\u00e1ndor Chardonnens<br \/>\n<a href=\"http:\/\/www.manuscriptevidence.org\/wpme\/2012-international-congress-on-medieval-studies\/\"><strong>2012 Congress<\/strong><\/a><br \/>\n[<em>Published on our first website on 21 May 2012<\/em>]<\/p>\n<p>This study examines the ways in which the dream manual was materially bound together with collections of early Italian visionary literature, by focusing upon a significant case of the genre. \u00a0A widely circulated dream manual in the late Middle Ages, the <em>Somniale Danielis<\/em> (&#8220;Daniel&#8217;s Dream-Book <em>or<\/em> Dream-Manual&#8221;) was used to interpret not only the dreams experienced by actual individuals, but also the dream sequences and visionary passages found frequently in medieval literature. \u00a0As an important aid in the identification and description of traditional dream <em>topoi<\/em>, the multiple entries contained in dream-books represent the historical framework within which medieval visionary poetry developed its network of images and motifs.<\/p>\n<p>This paper considers the literary uses of these dream manuals, by situating them in specific cultural contexts. \u00a0It analyzes previously unexamined connections between the popularity of dream-books as a quasi-scientific genre and medieval Italian poetry of the thirteenth and fourteenth centuries. \u00a0Although copies of the <em>Somniale Danielis<\/em> are commonly bound together with religious, astrological, and juridical works in miscellany manuscripts, the text also appears in literary manuscripts. \u00a0I have identified and transcribed eight instances of the <em>Somniale Danielis<\/em> found together with iconic examples of early Italian literature, such as the <em>Vita Nova<\/em> by Dante and the <em>Decameron<\/em> by Boccaccio, in six distinct and previously unrecognized Latin and Italian vernacular versions.<\/p>\n<p>While these transcriptions were intended for different readerships, they all link the popular form of the dream-book &#8212; now coalesced into a manual &#8212; and the development of new philosophical poetics in the late thirteenth and early fourteenth centuries. \u00a0It cannot be mere coincidence that works by Brunetto Latini, Dante Alighieri, Guido Cavalcanti, Cecco D\u2019Ascoli, Francesco Petrarca, Giovanni Boccaccio, and Antonio Pucci, among many others, are particularly well represented in these manuscripts. \u00a0The steady integration of the popular-scientific genre of the <em>Somniale Danielis<\/em> with these authors\u2019 works can perhaps be explained by the particular intensity with which those authors both studied the second-century oneirocritic tradition of Artemidorus Daldianus and the Islamic dream sciences, and integrated them with mystical theories of the thirteenth century.<\/p>\n","protected":false},"excerpt":{"rendered":"<p>Valerio Cappozzo (Department of Modern Languages, University of Mississippi) &#8220;Editing the Somniale Danielis: \u00a0Vox Populi and Dream Culture in Medieval Italy&#8221; Abstract of Paper Presented at the 47th International Medieval Congress (Kalamazoo, 2012) Session on &#8220;Dream Books&#8221; Co-sponsored by the Research Group on Manuscript Evidence and the Societas Magica Organized by L\u00e1szl\u00f3 S\u00e1ndor Chardonnens 2012 [&hellip;]<\/p>\n","protected":false},"author":2,"featured_media":0,"parent":1023,"menu_order":0,"comment_status":"closed","ping_status":"open","template":"","meta":{"_monsterinsights_skip_tracking":false,"_monsterinsights_sitenote_active":false,"_monsterinsights_sitenote_note":"","_monsterinsights_sitenote_category":0},"_links":{"self":[{"href":"https:\/\/manuscriptevidence.org\/wpme\/wp-json\/wp\/v2\/pages\/3233"}],"collection":[{"href":"https:\/\/manuscriptevidence.org\/wpme\/wp-json\/wp\/v2\/pages"}],"about":[{"href":"https:\/\/manuscriptevidence.org\/wpme\/wp-json\/wp\/v2\/types\/page"}],"author":[{"embeddable":true,"href":"https:\/\/manuscriptevidence.org\/wpme\/wp-json\/wp\/v2\/users\/2"}],"replies":[{"embeddable":true,"href":"https:\/\/manuscriptevidence.org\/wpme\/wp-json\/wp\/v2\/comments?post=3233"}],"version-history":[{"count":5,"href":"https:\/\/manuscriptevidence.org\/wpme\/wp-json\/wp\/v2\/pages\/3233\/revisions"}],"predecessor-version":[{"id":3239,"href":"https:\/\/manuscriptevidence.org\/wpme\/wp-json\/wp\/v2\/pages\/3233\/revisions\/3239"}],"up":[{"embeddable":true,"href":"https:\/\/manuscriptevidence.org\/wpme\/wp-json\/wp\/v2\/pages\/1023"}],"wp:attachment":[{"href":"https:\/\/manuscriptevidence.org\/wpme\/wp-json\/wp\/v2\/media?parent=3233"}],"curies":[{"name":"wp","href":"https:\/\/api.w.org\/{rel}","templated":true}]}}