{"id":12642,"date":"2020-03-25T15:31:06","date_gmt":"2020-03-25T15:31:06","guid":{"rendered":"http:\/\/manuscriptevidence.org\/wpme\/?page_id=12642"},"modified":"2020-11-20T06:59:50","modified_gmt":"2020-11-20T06:59:50","slug":"porreca-2020-congress","status":"publish","type":"page","link":"https:\/\/manuscriptevidence.org\/wpme\/abstracts\/porreca-2020-congress\/","title":{"rendered":"Porreca (2020 Congress)"},"content":{"rendered":"<h2><strong>David Porreca<br \/>\n(<em>Department of Classics, Waterloo University<\/em>)<br \/>\n<\/strong><\/h2>\n<h2>\u201cMedieval Magic:<br \/>\nSolitary versus Collective Rituals in the <em>Picatrix<\/em> and the <em>Munich Handbook<\/em>\u201d<\/h2>\n<h3>Abstract of Paper<br \/>\n<span style=\"color: #ff0000;\"><em>Intended<\/em><\/span> To be presented at the 55th International Congress on Medieval Studies <span style=\"color: #ff0000;\">[CANCELLED]<\/span><br \/>\n(Kalamazoo, 2020)<\/h3>\n<h4>Session I of II on<br \/>\n\u201cRevealing the Unknown\u201d<br \/>\nPart I:\u00a0 \u201cScryers and Scrying in the Middle Ages and Early Modern Period\u201d<\/h4>\n<h4>Co-Sponsored by the <strong>Research Group on Manuscript Evidence <em>and<\/em> the Societas Magica<\/strong><br \/>\nOrganized by <strong>Sanne de Laat<\/strong> <em>and<\/em> <strong>L\u00e1szl\u00f3 S\u00e1ndor Chardonnens<\/strong><\/h4>\n<p><a href=\"https:\/\/wmich.edu\/sites\/default\/files\/attachments\/u434\/2020\/medieval-congress-program-2020.pdf\" target=\"_blank\" rel=\"noopener\" class=\"broken_link\">2020 Congress Program<\/a><br \/>\n<a href=\"https:\/\/manuscriptevidence.org\/wpme\/2021-international-congress-on-medieval-studies-program-planning\/\" target=\"_blank\" rel=\"noopener\">2021 Congress Program Planning<\/a><\/p>\n<p>[<em>Published on 22 March 2020, with an Update on 19 November reporting the Replanning for our Sessions for the 2021 Congress.<br \/>\n<\/em><em> Note that David will present a Paper for a different Session of ours at the 2021 Congress: <a href=\"https:\/\/manuscriptevidence.org\/wpme\/abstracts\/porreca-2021-congress\" target=\"_blank\" rel=\"noopener\">Porreca (2021 Congress)<\/a>.<\/em>]<\/p>\n<p>*****<\/p>\n<h4>Abstract<\/h4>\n<p>The imagery commonly associated with the practice of learned magic (as opposed to \u201cfolk magic\u201d or \u201cwitchcraft\u201d) in the pre-modern period invokes the lonely social outcast in tattered robes, standing atop a misty hill or tower, standing within a traced magic circle, facing the full Moon, chanting divine names, suffumigating himself and his surroundings with rare and odoriferous substances, and muttering in obscure dialects. By contrast, significant portions of the surviving written material relating to ritual magic \u2013 especially efforts at divination \u2013 involve not individual but collective effort on the part of multiple participants. Using the Latin <em>Picatrix<\/em> as an exemplar of the praxis of astral magic in the later Middle Ages and Renaissance, this paper aims to examine the commonalities and contrasts between rituals calling for multiple participants in that text with those contained in the late 15th-century text edited by Richard Kieckhefer known as the Munich Handbook. Rituals relating to divination of various sorts will be the focus of particular attention, since these appear in the latter text by virtue of the use of mediums. The paper seeks to address the following questions: What do rituals calling for multiple participants have in common with each other internally within the two texts under consideration, as well as between the two texts? What are the additional participants commonly expected to do? Finally, do rituals aimed at divination in particular have greater odds of involving multiple participants in either of the texts?<\/p>\n<p>*****<\/p>\n<p>We thank David for his contributions to Research Group activities over the years.\u00a0 See, for example, the Abstract for his Paper at the <a href=\"https:\/\/manuscriptevidence.org\/wpme\/abstracts\/porreca-2018-congress\/\" target=\"_blank\" rel=\"noopener\">2018 Congress<\/a>\u00a0.<\/p>\n<div id=\"attachment_10943\" style=\"width: 959px\" class=\"wp-caption aligncenter\"><img aria-describedby=\"caption-attachment-10943\" loading=\"lazy\" class=\"wp-image-10943 size-large\" src=\"https:\/\/manuscriptevidence.org\/wpme\/wp-content\/uploads\/2018\/04\/IMG_3840-David-P-as-Presider-at-AZO-2017-cropped-949x1024.jpg\" alt=\"David Porreca as Presider for One of Our Sessions at the 2017 International Congress on Medieval Studies. Photograph by Mildred Budny.\" width=\"949\" height=\"1024\" srcset=\"https:\/\/manuscriptevidence.org\/wpme\/wp-content\/uploads\/2018\/04\/IMG_3840-David-P-as-Presider-at-AZO-2017-cropped-949x1024.jpg 949w, https:\/\/manuscriptevidence.org\/wpme\/wp-content\/uploads\/2018\/04\/IMG_3840-David-P-as-Presider-at-AZO-2017-cropped-139x150.jpg 139w, https:\/\/manuscriptevidence.org\/wpme\/wp-content\/uploads\/2018\/04\/IMG_3840-David-P-as-Presider-at-AZO-2017-cropped-278x300.jpg 278w\" sizes=\"(max-width: 949px) 100vw, 949px\" \/><p id=\"caption-attachment-10943\" class=\"wp-caption-text\">David Porreca as Presider for one of our Sessions at the 2017 Congress. Photograph by Mildred Budny.<\/p><\/div>\n<p>*****<\/p>\n","protected":false},"excerpt":{"rendered":"<p>David Porreca (Department of Classics, Waterloo University) \u201cMedieval Magic: Solitary versus Collective Rituals in the Picatrix and the Munich Handbook\u201d Abstract of Paper Intended To be presented at the 55th International Congress on Medieval Studies [CANCELLED] (Kalamazoo, 2020) Session I of II on \u201cRevealing the Unknown\u201d Part I:\u00a0 \u201cScryers and Scrying in the Middle Ages [&hellip;]<\/p>\n","protected":false},"author":2,"featured_media":0,"parent":1023,"menu_order":0,"comment_status":"closed","ping_status":"closed","template":"","meta":{"_monsterinsights_skip_tracking":false,"_monsterinsights_sitenote_active":false,"_monsterinsights_sitenote_note":"","_monsterinsights_sitenote_category":0},"_links":{"self":[{"href":"https:\/\/manuscriptevidence.org\/wpme\/wp-json\/wp\/v2\/pages\/12642"}],"collection":[{"href":"https:\/\/manuscriptevidence.org\/wpme\/wp-json\/wp\/v2\/pages"}],"about":[{"href":"https:\/\/manuscriptevidence.org\/wpme\/wp-json\/wp\/v2\/types\/page"}],"author":[{"embeddable":true,"href":"https:\/\/manuscriptevidence.org\/wpme\/wp-json\/wp\/v2\/users\/2"}],"replies":[{"embeddable":true,"href":"https:\/\/manuscriptevidence.org\/wpme\/wp-json\/wp\/v2\/comments?post=12642"}],"version-history":[{"count":6,"href":"https:\/\/manuscriptevidence.org\/wpme\/wp-json\/wp\/v2\/pages\/12642\/revisions"}],"predecessor-version":[{"id":14561,"href":"https:\/\/manuscriptevidence.org\/wpme\/wp-json\/wp\/v2\/pages\/12642\/revisions\/14561"}],"up":[{"embeddable":true,"href":"https:\/\/manuscriptevidence.org\/wpme\/wp-json\/wp\/v2\/pages\/1023"}],"wp:attachment":[{"href":"https:\/\/manuscriptevidence.org\/wpme\/wp-json\/wp\/v2\/media?parent=12642"}],"curies":[{"name":"wp","href":"https:\/\/api.w.org\/{rel}","templated":true}]}}